{"id":6996,"date":"2024-07-03T13:34:34","date_gmt":"2024-07-03T13:34:34","guid":{"rendered":"http:\/\/srgorsky.tracom.info\/?page_id=6996"},"modified":"2024-07-04T10:15:08","modified_gmt":"2024-07-04T10:15:08","slug":"planificacion-estrategica","status":"publish","type":"page","link":"https:\/\/srgorsky.tracom.info\/index.php\/planificacion-estrategica\/","title":{"rendered":"Planificaci\u00f3n Estrat\u00e9gica"},"content":{"rendered":"[vc_row type=\u00bbfull_width_background\u00bb full_screen_row_position=\u00bbmiddle\u00bb column_margin=\u00bbdefault\u00bb column_direction=\u00bbdefault\u00bb column_direction_tablet=\u00bbdefault\u00bb column_direction_phone=\u00bbdefault\u00bb bg_image=\u00bbhttp:\/\/srgorsky.tracom.info\/wp-content\/uploads\/2024\/07\/estrategia.jpg\u00bb mouse_based_parallax_bg=\u00bbtrue\u00bb scene_position=\u00bbtop\u00bb layer_one_image=\u00bb5370&#8243; layer_one_strength=\u00bb0.3&#8243; layer_two_image=\u00bb5373&#8243; layer_two_strength=\u00bb0.4&#8243; top_padding=\u00bb17%\u00bb bottom_padding=\u00bb17%\u00bb text_color=\u00bblight\u00bb text_align=\u00bbleft\u00bb row_border_radius=\u00bbnone\u00bb row_border_radius_applies=\u00bbbg\u00bb overlay_strength=\u00bb0.3&#8243; gradient_direction=\u00bbleft_to_right\u00bb shape_divider_position=\u00bbbottom\u00bb bg_image_animation=\u00bbnone\u00bb][vc_column column_padding=\u00bbno-extra-padding\u00bb column_padding_tablet=\u00bbinherit\u00bb column_padding_phone=\u00bbinherit\u00bb column_padding_position=\u00bball\u00bb background_color_opacity=\u00bb1&#8243; background_hover_color_opacity=\u00bb1&#8243; column_shadow=\u00bbnone\u00bb column_border_radius=\u00bbnone\u00bb column_link_target=\u00bb_self\u00bb gradient_direction=\u00bbleft_to_right\u00bb overlay_strength=\u00bb0.3&#8243; width=\u00bb1\/1&#8243; tablet_width_inherit=\u00bbdefault\u00bb tablet_text_alignment=\u00bbdefault\u00bb phone_text_alignment=\u00bbdefault\u00bb column_border_width=\u00bbnone\u00bb column_border_style=\u00bbsolid\u00bb bg_image_animation=\u00bbnone\u00bb][vc_column_text]\n<h1 style=\"text-align: center;\">Planificaci\u00f3n <span style=\"color: #3a6ee8;\">* estrat\u00e9gica<\/span><\/h1>\n[\/vc_column_text][\/vc_column][\/vc_row][vc_row type=\u00bbfull_width_content\u00bb full_screen_row_position=\u00bbmiddle\u00bb column_margin=\u00bbdefault\u00bb equal_height=\u00bbyes\u00bb content_placement=\u00bbmiddle\u00bb column_direction=\u00bbdefault\u00bb column_direction_tablet=\u00bbdefault\u00bb column_direction_phone=\u00bbdefault\u00bb full_height=\u00bbyes\u00bb columns_placement=\u00bbstretch\u00bb scene_position=\u00bbcenter\u00bb text_color=\u00bbdark\u00bb text_align=\u00bbleft\u00bb row_border_radius=\u00bbnone\u00bb row_border_radius_applies=\u00bbbg\u00bb overlay_strength=\u00bb0.3&#8243; gradient_direction=\u00bbleft_to_right\u00bb shape_divider_position=\u00bbbottom\u00bb bg_image_animation=\u00bbnone\u00bb][vc_column column_padding=\u00bbno-extra-padding\u00bb column_padding_tablet=\u00bbinherit\u00bb column_padding_phone=\u00bbinherit\u00bb column_padding_position=\u00bball\u00bb background_color_opacity=\u00bb1&#8243; background_hover_color_opacity=\u00bb1&#8243; background_image=\u00bb7002&#8243; background_image_position=\u00bbcenter center\u00bb column_shadow=\u00bbnone\u00bb column_border_radius=\u00bbnone\u00bb column_link_target=\u00bb_self\u00bb gradient_direction=\u00bbleft_to_right\u00bb overlay_strength=\u00bb0.3&#8243; width=\u00bb1\/2&#8243; tablet_width_inherit=\u00bbdefault\u00bb tablet_text_alignment=\u00bbdefault\u00bb phone_text_alignment=\u00bbdefault\u00bb column_border_width=\u00bbnone\u00bb column_border_style=\u00bbsolid\u00bb bg_image_animation=\u00bbnone\u00bb][divider line_type=\u00bbNo Line\u00bb custom_height=\u00bb500&#8243;][\/vc_column][vc_column column_padding=\u00bbpadding-8-percent\u00bb column_padding_tablet=\u00bbinherit\u00bb column_padding_phone=\u00bbinherit\u00bb column_padding_position=\u00bball\u00bb background_color=\u00bb#ffffff\u00bb background_color_opacity=\u00bb1&#8243; background_hover_color_opacity=\u00bb1&#8243; column_shadow=\u00bbnone\u00bb column_border_radius=\u00bbnone\u00bb column_link_target=\u00bb_self\u00bb gradient_direction=\u00bbleft_to_right\u00bb overlay_strength=\u00bb0.3&#8243; width=\u00bb1\/2&#8243; tablet_width_inherit=\u00bbdefault\u00bb tablet_text_alignment=\u00bbdefault\u00bb phone_text_alignment=\u00bbdefault\u00bb column_border_width=\u00bbnone\u00bb column_border_style=\u00bbsolid\u00bb bg_image_animation=\u00bbnone\u00bb][nectar_animated_title heading_tag=\u00bbh5&#8243; style=\u00bbcolor-strip-reveal\u00bb color=\u00bbAccent-Color\u00bb text=\u00bbObjetivos a largo plazo\u00bb][vc_custom_heading text=\u00bbDise\u00f1ando el Camino hacia el \u00c9xito a Largo Plazo\u00bb font_container=\u00bbtag:h2|font_size:42|text_align:left|line_height:52px\u00bb use_theme_fonts=\u00bbyes\u00bb][vc_column_text css=\u00bb.vc_custom_1720084452709{margin-top: 30px !important;margin-bottom: 30px !important;}\u00bb]Estrategia es la determinaci\u00f3n de los objetivos a largo plazo y la elecci\u00f3n de las acciones y la asignaci\u00f3n de los recursos necesarios para conseguirlos.<\/p>\n<p>La base principal del plan estrat\u00e9gico debe ser la investigaci\u00f3n previa y la capacidad y posibilidad de establecer la medici\u00f3n de resultados para evaluar los objetivos fijados. Una buena estrategia nos determinar\u00e1 las acciones t\u00e1cticas a realizar para conseguir los objetivos fijados. A trav\u00e9s de un an\u00e1lisis detallado y una planificaci\u00f3n rigurosa, te ayudamos a trazar un camino claro y efectivo hacia el crecimiento sostenible.[\/vc_column_text][\/vc_column][\/vc_row]\n","protected":false},"excerpt":{"rendered":"<p>[vc_row type=\u00bbfull_width_background\u00bb full_screen_row_position=\u00bbmiddle\u00bb column_margin=\u00bbdefault\u00bb column_direction=\u00bbdefault\u00bb column_direction_tablet=\u00bbdefault\u00bb column_direction_phone=\u00bbdefault\u00bb bg_image=\u00bbhttp:\/\/srgorsky.tracom.info\/wp-content\/uploads\/2024\/07\/estrategia.jpg\u00bb mouse_based_parallax_bg=\u00bbtrue\u00bb scene_position=\u00bbtop\u00bb layer_one_image=\u00bb5370&#8243; layer_one_strength=\u00bb0.3&#8243; layer_two_image=\u00bb5373&#8243; layer_two_strength=\u00bb0.4&#8243; top_padding=\u00bb17%\u00bb bottom_padding=\u00bb17%\u00bb text_color=\u00bblight\u00bb text_align=\u00bbleft\u00bb row_border_radius=\u00bbnone\u00bb row_border_radius_applies=\u00bbbg\u00bb overlay_strength=\u00bb0.3&#8243; gradient_direction=\u00bbleft_to_right\u00bb shape_divider_position=\u00bbbottom\u00bb bg_image_animation=\u00bbnone\u00bb][vc_column column_padding=\u00bbno-extra-padding\u00bb column_padding_tablet=\u00bbinherit\u00bb column_padding_phone=\u00bbinherit\u00bb column_padding_position=\u00bball\u00bb background_color_opacity=\u00bb1&#8243; background_hover_color_opacity=\u00bb1&#8243;&#8230;<\/p>\n","protected":false},"author":1,"featured_media":0,"parent":0,"menu_order":0,"comment_status":"open","ping_status":"closed","template":"","meta":{"footnotes":""},"class_list":["post-6996","page","type-page","status-publish"],"aioseo_notices":[],"_links":{"self":[{"href":"https:\/\/srgorsky.tracom.info\/index.php\/wp-json\/wp\/v2\/pages\/6996","targetHints":{"allow":["GET"]}}],"collection":[{"href":"https:\/\/srgorsky.tracom.info\/index.php\/wp-json\/wp\/v2\/pages"}],"about":[{"href":"https:\/\/srgorsky.tracom.info\/index.php\/wp-json\/wp\/v2\/types\/page"}],"author":[{"embeddable":true,"href":"https:\/\/srgorsky.tracom.info\/index.php\/wp-json\/wp\/v2\/users\/1"}],"replies":[{"embeddable":true,"href":"https:\/\/srgorsky.tracom.info\/index.php\/wp-json\/wp\/v2\/comments?post=6996"}],"version-history":[{"count":6,"href":"https:\/\/srgorsky.tracom.info\/index.php\/wp-json\/wp\/v2\/pages\/6996\/revisions"}],"predecessor-version":[{"id":7007,"href":"https:\/\/srgorsky.tracom.info\/index.php\/wp-json\/wp\/v2\/pages\/6996\/revisions\/7007"}],"wp:attachment":[{"href":"https:\/\/srgorsky.tracom.info\/index.php\/wp-json\/wp\/v2\/media?parent=6996"}],"curies":[{"name":"wp","href":"https:\/\/api.w.org\/{rel}","templated":true}]}}