{"id":7025,"date":"2024-07-04T11:25:21","date_gmt":"2024-07-04T11:25:21","guid":{"rendered":"https:\/\/srgorsky.tracom.info\/?page_id=7025"},"modified":"2024-07-08T10:38:24","modified_gmt":"2024-07-08T10:38:24","slug":"marketing-digital","status":"publish","type":"page","link":"https:\/\/srgorsky.tracom.info\/index.php\/marketing-digital\/","title":{"rendered":"Marketing Digital"},"content":{"rendered":"[vc_row type=\u00bbfull_width_background\u00bb full_screen_row_position=\u00bbmiddle\u00bb column_margin=\u00bbdefault\u00bb column_direction=\u00bbdefault\u00bb column_direction_tablet=\u00bbdefault\u00bb column_direction_phone=\u00bbdefault\u00bb bg_image=\u00bbhttp:\/\/srgorsky.tracom.info\/wp-content\/uploads\/2024\/07\/estrategia.jpg\u00bb mouse_based_parallax_bg=\u00bbtrue\u00bb scene_position=\u00bbtop\u00bb layer_one_image=\u00bb5370&#8243; layer_one_strength=\u00bb0.3&#8243; layer_two_image=\u00bb5373&#8243; layer_two_strength=\u00bb0.4&#8243; top_padding=\u00bb17%\u00bb bottom_padding=\u00bb17%\u00bb text_color=\u00bblight\u00bb text_align=\u00bbleft\u00bb row_border_radius=\u00bbnone\u00bb row_border_radius_applies=\u00bbbg\u00bb overlay_strength=\u00bb0.3&#8243; gradient_direction=\u00bbleft_to_right\u00bb shape_divider_position=\u00bbbottom\u00bb bg_image_animation=\u00bbnone\u00bb][vc_column column_padding=\u00bbno-extra-padding\u00bb column_padding_tablet=\u00bbinherit\u00bb column_padding_phone=\u00bbinherit\u00bb column_padding_position=\u00bball\u00bb background_color_opacity=\u00bb1&#8243; background_hover_color_opacity=\u00bb1&#8243; column_shadow=\u00bbnone\u00bb column_border_radius=\u00bbnone\u00bb column_link_target=\u00bb_self\u00bb gradient_direction=\u00bbleft_to_right\u00bb overlay_strength=\u00bb0.3&#8243; width=\u00bb1\/1&#8243; tablet_width_inherit=\u00bbdefault\u00bb tablet_text_alignment=\u00bbdefault\u00bb phone_text_alignment=\u00bbdefault\u00bb column_border_width=\u00bbnone\u00bb column_border_style=\u00bbsolid\u00bb bg_image_animation=\u00bbnone\u00bb][vc_column_text]\n<h1 style=\"text-align: center;\">Marketing <span style=\"color: #3a6ee8;\">* Digital<\/span><\/h1>\n[\/vc_column_text][\/vc_column][\/vc_row][vc_row type=\u00bbfull_width_content\u00bb full_screen_row_position=\u00bbmiddle\u00bb column_margin=\u00bbdefault\u00bb equal_height=\u00bbyes\u00bb content_placement=\u00bbmiddle\u00bb column_direction=\u00bbdefault\u00bb column_direction_tablet=\u00bbdefault\u00bb column_direction_phone=\u00bbdefault\u00bb full_height=\u00bbyes\u00bb columns_placement=\u00bbstretch\u00bb scene_position=\u00bbcenter\u00bb text_color=\u00bbdark\u00bb text_align=\u00bbleft\u00bb row_border_radius=\u00bbnone\u00bb row_border_radius_applies=\u00bbbg\u00bb overlay_strength=\u00bb0.3&#8243; gradient_direction=\u00bbleft_to_right\u00bb shape_divider_position=\u00bbbottom\u00bb bg_image_animation=\u00bbnone\u00bb][vc_column column_padding=\u00bbno-extra-padding\u00bb column_padding_tablet=\u00bbinherit\u00bb column_padding_phone=\u00bbinherit\u00bb column_padding_position=\u00bball\u00bb background_color_opacity=\u00bb1&#8243; background_hover_color_opacity=\u00bb1&#8243; background_image=\u00bb7027&#8243; background_image_position=\u00bbcenter center\u00bb column_shadow=\u00bbnone\u00bb column_border_radius=\u00bbnone\u00bb column_link_target=\u00bb_self\u00bb gradient_direction=\u00bbleft_to_right\u00bb overlay_strength=\u00bb0.3&#8243; width=\u00bb1\/2&#8243; tablet_width_inherit=\u00bbdefault\u00bb tablet_text_alignment=\u00bbdefault\u00bb phone_text_alignment=\u00bbdefault\u00bb column_border_width=\u00bbnone\u00bb column_border_style=\u00bbsolid\u00bb bg_image_animation=\u00bbnone\u00bb][divider line_type=\u00bbNo Line\u00bb custom_height=\u00bb500&#8243;][\/vc_column][vc_column column_padding=\u00bbpadding-8-percent\u00bb column_padding_tablet=\u00bbinherit\u00bb column_padding_phone=\u00bbinherit\u00bb column_padding_position=\u00bball\u00bb background_color=\u00bb#ffffff\u00bb background_color_opacity=\u00bb1&#8243; background_hover_color_opacity=\u00bb1&#8243; column_shadow=\u00bbnone\u00bb column_border_radius=\u00bbnone\u00bb column_link_target=\u00bb_self\u00bb gradient_direction=\u00bbleft_to_right\u00bb overlay_strength=\u00bb0.3&#8243; width=\u00bb1\/2&#8243; tablet_width_inherit=\u00bbdefault\u00bb tablet_text_alignment=\u00bbdefault\u00bb phone_text_alignment=\u00bbdefault\u00bb column_border_width=\u00bbnone\u00bb column_border_style=\u00bbsolid\u00bb bg_image_animation=\u00bbnone\u00bb][nectar_animated_title heading_tag=\u00bbh5&#8243; style=\u00bbcolor-strip-reveal\u00bb color=\u00bbAccent-Color\u00bb text=\u00bbPosicionamiento SEO\u00bb][vc_custom_heading text=\u00bbNavegando el Ecosistema Digital con Estrategias Efectivas\u00bb font_container=\u00bbtag:h2|font_size:42|text_align:left|line_height:52px\u00bb use_theme_fonts=\u00bbyes\u00bb][vc_column_text css=\u00bb.vc_custom_1720091506294{margin-top: 30px !important;margin-bottom: 30px !important;}\u00bb]Aprovechar las bondades del entorno digital s\u00f3lo es posible desde el establecimiento de una estrategia digital que camine de la mano de las acciones en medios offline.<\/p>\n<p>Entendemos el marketing online como el conjunto de acciones en el ecosistema digital que nos permitan alcanzar los objetivos. Conjunci\u00f3n de acciones de respuesta basadas en la medici\u00f3n y optimizaci\u00f3n con campa\u00f1as de branding que faciliten el conocimiento de la marca.<\/p>\n<p>Marketing de buscadores y posicionamiento SEO integrados en anal\u00edtica web y mejora de posicionamiento. Estrategia de contenidos, social media, integraci\u00f3n y reputaci\u00f3n social.[\/vc_column_text][\/vc_column][\/vc_row]\n","protected":false},"excerpt":{"rendered":"<p>[vc_row type=\u00bbfull_width_background\u00bb full_screen_row_position=\u00bbmiddle\u00bb column_margin=\u00bbdefault\u00bb column_direction=\u00bbdefault\u00bb column_direction_tablet=\u00bbdefault\u00bb column_direction_phone=\u00bbdefault\u00bb bg_image=\u00bbhttp:\/\/srgorsky.tracom.info\/wp-content\/uploads\/2024\/07\/estrategia.jpg\u00bb mouse_based_parallax_bg=\u00bbtrue\u00bb scene_position=\u00bbtop\u00bb layer_one_image=\u00bb5370&#8243; layer_one_strength=\u00bb0.3&#8243; layer_two_image=\u00bb5373&#8243; layer_two_strength=\u00bb0.4&#8243; top_padding=\u00bb17%\u00bb bottom_padding=\u00bb17%\u00bb text_color=\u00bblight\u00bb text_align=\u00bbleft\u00bb row_border_radius=\u00bbnone\u00bb row_border_radius_applies=\u00bbbg\u00bb overlay_strength=\u00bb0.3&#8243; gradient_direction=\u00bbleft_to_right\u00bb shape_divider_position=\u00bbbottom\u00bb bg_image_animation=\u00bbnone\u00bb][vc_column column_padding=\u00bbno-extra-padding\u00bb column_padding_tablet=\u00bbinherit\u00bb column_padding_phone=\u00bbinherit\u00bb column_padding_position=\u00bball\u00bb background_color_opacity=\u00bb1&#8243; background_hover_color_opacity=\u00bb1&#8243;&#8230;<\/p>\n","protected":false},"author":1,"featured_media":0,"parent":0,"menu_order":0,"comment_status":"open","ping_status":"closed","template":"","meta":{"footnotes":""},"class_list":["post-7025","page","type-page","status-publish"],"aioseo_notices":[],"_links":{"self":[{"href":"https:\/\/srgorsky.tracom.info\/index.php\/wp-json\/wp\/v2\/pages\/7025","targetHints":{"allow":["GET"]}}],"collection":[{"href":"https:\/\/srgorsky.tracom.info\/index.php\/wp-json\/wp\/v2\/pages"}],"about":[{"href":"https:\/\/srgorsky.tracom.info\/index.php\/wp-json\/wp\/v2\/types\/page"}],"author":[{"embeddable":true,"href":"https:\/\/srgorsky.tracom.info\/index.php\/wp-json\/wp\/v2\/users\/1"}],"replies":[{"embeddable":true,"href":"https:\/\/srgorsky.tracom.info\/index.php\/wp-json\/wp\/v2\/comments?post=7025"}],"version-history":[{"count":4,"href":"https:\/\/srgorsky.tracom.info\/index.php\/wp-json\/wp\/v2\/pages\/7025\/revisions"}],"predecessor-version":[{"id":7097,"href":"https:\/\/srgorsky.tracom.info\/index.php\/wp-json\/wp\/v2\/pages\/7025\/revisions\/7097"}],"wp:attachment":[{"href":"https:\/\/srgorsky.tracom.info\/index.php\/wp-json\/wp\/v2\/media?parent=7025"}],"curies":[{"name":"wp","href":"https:\/\/api.w.org\/{rel}","templated":true}]}}