{"id":7029,"date":"2024-07-04T12:38:04","date_gmt":"2024-07-04T12:38:04","guid":{"rendered":"https:\/\/srgorsky.tracom.info\/?page_id=7029"},"modified":"2024-07-08T10:38:56","modified_gmt":"2024-07-08T10:38:56","slug":"marketing-mobile","status":"publish","type":"page","link":"https:\/\/srgorsky.tracom.info\/index.php\/marketing-mobile\/","title":{"rendered":"Marketing Mobile"},"content":{"rendered":"[vc_row type=\u00bbfull_width_background\u00bb full_screen_row_position=\u00bbmiddle\u00bb column_margin=\u00bbdefault\u00bb column_direction=\u00bbdefault\u00bb column_direction_tablet=\u00bbdefault\u00bb column_direction_phone=\u00bbdefault\u00bb bg_image=\u00bbhttp:\/\/srgorsky.tracom.info\/wp-content\/uploads\/2024\/07\/estrategia.jpg\u00bb mouse_based_parallax_bg=\u00bbtrue\u00bb scene_position=\u00bbtop\u00bb layer_one_image=\u00bb5370&#8243; layer_one_strength=\u00bb0.3&#8243; layer_two_image=\u00bb5373&#8243; layer_two_strength=\u00bb0.4&#8243; top_padding=\u00bb17%\u00bb bottom_padding=\u00bb17%\u00bb text_color=\u00bblight\u00bb text_align=\u00bbleft\u00bb row_border_radius=\u00bbnone\u00bb row_border_radius_applies=\u00bbbg\u00bb overlay_strength=\u00bb0.3&#8243; gradient_direction=\u00bbleft_to_right\u00bb shape_divider_position=\u00bbbottom\u00bb bg_image_animation=\u00bbnone\u00bb][vc_column column_padding=\u00bbno-extra-padding\u00bb column_padding_tablet=\u00bbinherit\u00bb column_padding_phone=\u00bbinherit\u00bb column_padding_position=\u00bball\u00bb background_color_opacity=\u00bb1&#8243; background_hover_color_opacity=\u00bb1&#8243; column_shadow=\u00bbnone\u00bb column_border_radius=\u00bbnone\u00bb column_link_target=\u00bb_self\u00bb gradient_direction=\u00bbleft_to_right\u00bb overlay_strength=\u00bb0.3&#8243; width=\u00bb1\/1&#8243; tablet_width_inherit=\u00bbdefault\u00bb tablet_text_alignment=\u00bbdefault\u00bb phone_text_alignment=\u00bbdefault\u00bb column_border_width=\u00bbnone\u00bb column_border_style=\u00bbsolid\u00bb bg_image_animation=\u00bbnone\u00bb][vc_column_text]\n<h1 style=\"text-align: center;\">Marketing <span style=\"color: #3a6ee8;\">* Mobile<\/span><\/h1>\n[\/vc_column_text][\/vc_column][\/vc_row][vc_row type=\u00bbfull_width_content\u00bb full_screen_row_position=\u00bbmiddle\u00bb column_margin=\u00bbdefault\u00bb equal_height=\u00bbyes\u00bb content_placement=\u00bbmiddle\u00bb column_direction=\u00bbdefault\u00bb column_direction_tablet=\u00bbdefault\u00bb column_direction_phone=\u00bbdefault\u00bb full_height=\u00bbyes\u00bb columns_placement=\u00bbstretch\u00bb scene_position=\u00bbcenter\u00bb text_color=\u00bbdark\u00bb text_align=\u00bbleft\u00bb row_border_radius=\u00bbnone\u00bb row_border_radius_applies=\u00bbbg\u00bb overlay_strength=\u00bb0.3&#8243; gradient_direction=\u00bbleft_to_right\u00bb shape_divider_position=\u00bbbottom\u00bb bg_image_animation=\u00bbnone\u00bb][vc_column column_padding=\u00bbno-extra-padding\u00bb column_padding_tablet=\u00bbinherit\u00bb column_padding_phone=\u00bbinherit\u00bb column_padding_position=\u00bball\u00bb background_color_opacity=\u00bb1&#8243; background_hover_color_opacity=\u00bb1&#8243; background_image=\u00bb7031&#8243; background_image_position=\u00bbcenter center\u00bb column_shadow=\u00bbnone\u00bb column_border_radius=\u00bbnone\u00bb column_link_target=\u00bb_self\u00bb gradient_direction=\u00bbleft_to_right\u00bb overlay_strength=\u00bb0.3&#8243; width=\u00bb1\/2&#8243; tablet_width_inherit=\u00bbdefault\u00bb tablet_text_alignment=\u00bbdefault\u00bb phone_text_alignment=\u00bbdefault\u00bb column_border_width=\u00bbnone\u00bb column_border_style=\u00bbsolid\u00bb bg_image_animation=\u00bbnone\u00bb][divider line_type=\u00bbNo Line\u00bb custom_height=\u00bb500&#8243;][\/vc_column][vc_column column_padding=\u00bbpadding-8-percent\u00bb column_padding_tablet=\u00bbinherit\u00bb column_padding_phone=\u00bbinherit\u00bb column_padding_position=\u00bball\u00bb background_color=\u00bb#ffffff\u00bb background_color_opacity=\u00bb1&#8243; background_hover_color_opacity=\u00bb1&#8243; column_shadow=\u00bbnone\u00bb column_border_radius=\u00bbnone\u00bb column_link_target=\u00bb_self\u00bb gradient_direction=\u00bbleft_to_right\u00bb overlay_strength=\u00bb0.3&#8243; width=\u00bb1\/2&#8243; tablet_width_inherit=\u00bbdefault\u00bb tablet_text_alignment=\u00bbdefault\u00bb phone_text_alignment=\u00bbdefault\u00bb column_border_width=\u00bbnone\u00bb column_border_style=\u00bbsolid\u00bb bg_image_animation=\u00bbnone\u00bb][nectar_animated_title heading_tag=\u00bbh5&#8243; style=\u00bbcolor-strip-reveal\u00bb color=\u00bbAccent-Color\u00bb text=\u00bbAdaptaci\u00f3n de campa\u00f1as\u00bb][vc_custom_heading text=\u00bbAprovechando el Poder del Entorno M\u00f3vil\u00bb font_container=\u00bbtag:h2|font_size:42|text_align:left|line_height:52px\u00bb use_theme_fonts=\u00bbyes\u00bb][vc_column_text css=\u00bb.vc_custom_1720096234217{margin-top: 30px !important;margin-bottom: 30px !important;}\u00bb]\u00bfPor qu\u00e9 desaprovechar en una estrategia de comunicaci\u00f3n m\u00e1s de 29 millones de usuarios de un soporte? Adaptamos las campa\u00f1as al entorno mobile, estudiamos el comportamiento del usuario en dispositivos m\u00f3viles y sus h\u00e1bitos multitasker para optimizar la inversi\u00f3n y mejorar la respuesta.<\/p>\n<p>Trabajamos la geolocalizaci\u00f3n y vamos un paso m\u00e1s all\u00e1 con la planificaci\u00f3n de campa\u00f1a mediante geoh\u00e1bitos. Nos enfocamos en crear experiencias m\u00f3viles atractivas y efectivas que resuenen con los usuarios donde quiera que est\u00e9n.[\/vc_column_text][\/vc_column][\/vc_row]\n","protected":false},"excerpt":{"rendered":"<p>[vc_row type=\u00bbfull_width_background\u00bb full_screen_row_position=\u00bbmiddle\u00bb column_margin=\u00bbdefault\u00bb column_direction=\u00bbdefault\u00bb column_direction_tablet=\u00bbdefault\u00bb column_direction_phone=\u00bbdefault\u00bb bg_image=\u00bbhttp:\/\/srgorsky.tracom.info\/wp-content\/uploads\/2024\/07\/estrategia.jpg\u00bb mouse_based_parallax_bg=\u00bbtrue\u00bb scene_position=\u00bbtop\u00bb layer_one_image=\u00bb5370&#8243; layer_one_strength=\u00bb0.3&#8243; layer_two_image=\u00bb5373&#8243; layer_two_strength=\u00bb0.4&#8243; top_padding=\u00bb17%\u00bb bottom_padding=\u00bb17%\u00bb text_color=\u00bblight\u00bb text_align=\u00bbleft\u00bb row_border_radius=\u00bbnone\u00bb row_border_radius_applies=\u00bbbg\u00bb overlay_strength=\u00bb0.3&#8243; gradient_direction=\u00bbleft_to_right\u00bb shape_divider_position=\u00bbbottom\u00bb bg_image_animation=\u00bbnone\u00bb][vc_column column_padding=\u00bbno-extra-padding\u00bb column_padding_tablet=\u00bbinherit\u00bb column_padding_phone=\u00bbinherit\u00bb column_padding_position=\u00bball\u00bb background_color_opacity=\u00bb1&#8243; background_hover_color_opacity=\u00bb1&#8243;&#8230;<\/p>\n","protected":false},"author":1,"featured_media":0,"parent":0,"menu_order":0,"comment_status":"open","ping_status":"closed","template":"","meta":{"footnotes":""},"class_list":["post-7029","page","type-page","status-publish"],"aioseo_notices":[],"_links":{"self":[{"href":"https:\/\/srgorsky.tracom.info\/index.php\/wp-json\/wp\/v2\/pages\/7029","targetHints":{"allow":["GET"]}}],"collection":[{"href":"https:\/\/srgorsky.tracom.info\/index.php\/wp-json\/wp\/v2\/pages"}],"about":[{"href":"https:\/\/srgorsky.tracom.info\/index.php\/wp-json\/wp\/v2\/types\/page"}],"author":[{"embeddable":true,"href":"https:\/\/srgorsky.tracom.info\/index.php\/wp-json\/wp\/v2\/users\/1"}],"replies":[{"embeddable":true,"href":"https:\/\/srgorsky.tracom.info\/index.php\/wp-json\/wp\/v2\/comments?post=7029"}],"version-history":[{"count":4,"href":"https:\/\/srgorsky.tracom.info\/index.php\/wp-json\/wp\/v2\/pages\/7029\/revisions"}],"predecessor-version":[{"id":7099,"href":"https:\/\/srgorsky.tracom.info\/index.php\/wp-json\/wp\/v2\/pages\/7029\/revisions\/7099"}],"wp:attachment":[{"href":"https:\/\/srgorsky.tracom.info\/index.php\/wp-json\/wp\/v2\/media?parent=7029"}],"curies":[{"name":"wp","href":"https:\/\/api.w.org\/{rel}","templated":true}]}}